{"id":247,"date":"2024-06-17T11:03:16","date_gmt":"2024-06-17T11:03:16","guid":{"rendered":"https:\/\/preview.metallbauexpertise.ch\/protection-des-donnees\/"},"modified":"2024-06-21T08:10:46","modified_gmt":"2024-06-21T08:10:46","slug":"protection-des-donnees","status":"publish","type":"page","link":"https:\/\/www.metallbauexpertise.ch\/fr\/protection-des-donnees\/","title":{"rendered":"Protection des donn\u00e9es"},"content":{"rendered":"<p>[et_pb_section fb_built=\u00a0\u00bb1&Prime; theme_builder_area=\u00a0\u00bbpost_content\u00a0\u00bb _builder_version=\u00a0\u00bb4.25.2&Prime; _module_preset=\u00a0\u00bbdefault\u00a0\u00bb custom_padding=\u00a0\u00bb0px|||||\u00a0\u00bb][et_pb_row _builder_version=\u00a0\u00bb4.25.2&Prime; _module_preset=\u00a0\u00bbdefault\u00a0\u00bb theme_builder_area=\u00a0\u00bbpost_content\u00a0\u00bb][et_pb_column _builder_version=\u00a0\u00bb4.25.2&Prime; _module_preset=\u00a0\u00bbdefault\u00a0\u00bb type=\u00a0\u00bb4_4&Prime; theme_builder_area=\u00a0\u00bbpost_content\u00a0\u00bb][et_pb_text _builder_version=\u00a0\u00bb4.25.2&Prime; _module_preset=\u00a0\u00bbdefault\u00a0\u00bb header_3_font=\u00a0\u00bb|700|||||||\u00a0\u00bb header_3_font_size=\u00a0\u00bb28px\u00a0\u00bb hover_enabled=\u00a0\u00bb0&Prime; global_colors_info=\u00a0\u00bb{}\u00a0\u00bb theme_builder_area=\u00a0\u00bbpost_content\u00a0\u00bb header_font=\u00a0\u00bb|700|||||||\u00a0\u00bb header_2_font=\u00a0\u00bb|700|||||||\u00a0\u00bb sticky_enabled=\u00a0\u00bb0&Prime; header_2_font_size=\u00a0\u00bb20px\u00a0\u00bb]<\/p>\n<h1>Protection des donn\u00e9es<\/h1>\n<p>[\/et_pb_text][et_pb_text _builder_version=\u00a0\u00bb4.25.2&Prime; _module_preset=\u00a0\u00bbdefault\u00a0\u00bb header_3_font=\u00a0\u00bb|700|||||||\u00a0\u00bb header_3_font_size=\u00a0\u00bb28px\u00a0\u00bb hover_enabled=\u00a0\u00bb0&Prime; global_colors_info=\u00a0\u00bb{}\u00a0\u00bb theme_builder_area=\u00a0\u00bbpost_content\u00a0\u00bb header_font=\u00a0\u00bb|700|||||||\u00a0\u00bb header_2_font=\u00a0\u00bb|700|||||||\u00a0\u00bb sticky_enabled=\u00a0\u00bb0&Prime; header_2_font_size=\u00a0\u00bb20px\u00a0\u00bb]<\/p>\n<h2>Formulaires (contact, demandes, offres, enqu\u00eates, etc.)<\/h2>\n<p>es donn\u00e9es qui nous sont transmises via des formulaires de contact sont utilis\u00e9es exclusivement dans le but pr\u00e9vu et en interne. Elles sont trait\u00e9es en toute confidentialit\u00e9 et ne sont ni transmises ni vendues \u00e0 des tiers.<br \/>La participation \u00e0 des sondages ou concours a lieu uniquement sur une base volontaire. Les r\u00e9sultats d\u2019enqu\u00eates sont utilis\u00e9s \u00e0 des fins internes, en l\u2019absence de toute transmission \u00e0 des tiers non autoris\u00e9s.<\/p>\n<h2>Mesures de s\u00e9curit\u00e9<\/h2>\n<p>Nous enregistrons les donn\u00e9es que nous recueillons sur des serveurs particuli\u00e8rement bien prot\u00e9g\u00e9s de notre zone de s\u00e9curit\u00e9. L\u2019acc\u00e8s \u00e0 ces serveurs est limit\u00e9 \u00e0 un petit nombre de personnes sp\u00e9cifiquement autoris\u00e9es qui sont responsables de la gestion technique, commerciale ou r\u00e9dactionnelle de ces donn\u00e9es.<\/p>\n<p>Afin d\u2019\u00e9viter la perte ou l\u2019utilisation abusive des donn\u00e9es enregistr\u00e9es chez nous, nous mettons en \u0153uvre d\u2019importantes mesures de s\u00e9curit\u00e9 techniques et op\u00e9rationnelles qui sont r\u00e9guli\u00e8rement contr\u00f4l\u00e9es et adapt\u00e9es au progr\u00e8s technologique. La structure d\u2019Internet rend toutefois possible la violation des r\u00e8gles de protection des donn\u00e9es par des personnes ou des institutions \u00e9trang\u00e8res \u00e0 notre sph\u00e8re de responsabilit\u00e9. En particulier les donn\u00e9es transmises de mani\u00e8re non crypt\u00e9e (par e-mail par ex.) peuvent \u00eatre lues par des tiers. Nous n\u2019avons aucune influence sur cet aspect en raison de la configuration technique d\u2019Internet. Il incombe enti\u00e8rement \u00e0 l\u2019utilisateur de prot\u00e9ger les donn\u00e9es qu\u2019il r\u00e9v\u00e8le contre une utilisation abusive \u00e0 l\u2019aide du cryptage ou autre moyen.<\/p>\n<p>Les e-mails circulent sur Internet via de nombreux serveurs, il existe de nombreuses possibilit\u00e9s d\u2019acc\u00e9der \u00e0 ces informations, de les modifier, de les effacer, de les copier ou de leur faire subir d\u2019autres traitements non autoris\u00e9s. Vous pouvez aussi nous joindre par t\u00e9l\u00e9phone, par fax ou par courrier.<\/p>\n<h2>Liens externes<\/h2>\n<p>Si vous suivez des liens externes, vous quittez notre site Internet. Nous ne sommes pas responsables des dispositions de protection des donn\u00e9es pr\u00e9vues par les sites Internet en lien avec le n\u00f4tre. De m\u00eame, nous d\u00e9clinons toute responsabilit\u00e9 l\u00e9gale ou relative au contenu des sites de tiers et des liens qu\u2019ils contiennent.<br \/>Si vous trouvez un lien p\u00e9rim\u00e9, veuillez nous envoyer un e-mail.<br \/>Nous d\u00e9clarons express\u00e9ment que nous n\u2019avons aucune influence sur la pr\u00e9sentation et le contenu des pages mises en lien. C\u2019est pourquoi nous nous distan\u00e7ons express\u00e9ment du contenu de toutes les pages mises en lien et ne consid\u00e9rons pas ces contenus comme les n\u00f4tres. Cette d\u00e9claration vaut pour tous les liens affich\u00e9s et pour tous les contenus des pages auxquelles ces liens m\u00e8nent ; et ce, qu\u2019il s\u2019agisse de liens texte ou de banni\u00e8res.<\/p>\n<h2>Journalisation des acc\u00e8s<\/h2>\n<p>Lorsque vous visitez notre site, les donn\u00e9es suivantes sont automatiquement transmises par votre ordinateur \u00e0 notre serveur :<\/p>\n<ul>\n<li>date et heure de la visite,<\/li>\n<li>pages et documents consult\u00e9s,<\/li>\n<li>adresse IP de votre ordinateur,<\/li>\n<li>informations sur votre navigateur et votre syst\u00e8me d\u2019exploitation,<\/li>\n<li>page pr\u00e9c\u00e9demment consult\u00e9e.<\/li>\n<\/ul>\n<p>Ces donn\u00e9es sont enregistr\u00e9es dans des journaux \u00e0 des fins d\u2019analyse statistique de l\u2019utilisation de notre site et d\u2019am\u00e9lioration permanente de notre offre en ligne. Aucune analyse personnalis\u00e9e de ces donn\u00e9es n\u2019est possible, car il s\u2019agit exclusivement de donn\u00e9es d\u2019utilisation impersonnelles.<br \/>Nous veillons scrupuleusement \u00e0 ce que les donn\u00e9es d\u2019utilisation ne soient pas associ\u00e9es \u00e0 des donn\u00e9es personnelles. Aucune analyse li\u00e9e \u00e0 la personne n\u2019est r\u00e9alis\u00e9e.<\/p>\n<h2>Google Analytics<\/h2>\n<p>Ce site Web utilise Google Analytics, un service d\u2019analyse web de Google Inc. (\u00abGoogle\u00bb). Google Analytics se sert de ce que l\u2019on appelle des \u00ab cookies \u00bb, autrement dit des fichiers texte enregistr\u00e9s sur votre ordinateur qui permettent d\u2019analyser votre utilisation du site. Les donn\u00e9es g\u00e9n\u00e9r\u00e9es par les cookies concernant l\u2019utilisation de ce site (y compris votre adresse IP) sont transmises et stock\u00e9es sur un serveur de Google situ\u00e9 aux \u00c9tats-Unis. Google utilisera ces informations dans le but d\u2019\u00e9valuer votre utilisation du site Internet, pour cr\u00e9er des rapports sur l\u2019activit\u00e9 de ce site, qui serviront \u00e0 ses exploitants, et pour d\u2019autres services li\u00e9s \u00e0 l\u2019utilisation du site Internet et d\u2019Internet en g\u00e9n\u00e9ral. Google est susceptible de communiquer ces donn\u00e9es \u00e0 des tiers en cas d\u2019obligation l\u00e9gale ou lorsque ces tiers traitent ces donn\u00e9es pour le compte de Google. Google n\u2019associera en aucun cas votre adresse IP \u00e0 d\u2019autres donn\u00e9es qu\u2019elle poss\u00e8de. Vous pouvez modifier les param\u00e8tres de votre navigateur pour emp\u00eacher l\u2019installation de cookies. Le cas \u00e9ch\u00e9ant, il se peut n\u00e9anmoins que vous n\u2019ayez pas acc\u00e8s \u00e0 toutes les fonctionnalit\u00e9s de ce site Internet. Par votre utilisation du site Internet, vous consentez express\u00e9ment au traitement des donn\u00e9es personnelles qui ont \u00e9t\u00e9 collect\u00e9es sur vous par Google, dans les conditions et dans le but d\u00e9crits ci-dessus.<\/p>\n<h2>Cookies<\/h2>\n<p>Des identifiants de session et cookies, comme on les appelle, sont g\u00e9n\u00e9r\u00e9s afin de fixer l\u2019unicit\u00e9 d\u2019un visiteur. Ces \u00e9l\u00e9ments sont de nature technique et impersonnelle. Vous avez la possibilit\u00e9 de configurer votre navigateur de mani\u00e8re \u00e0 \u00eatre inform\u00e9 chaque fois qu\u2019un cookie doit \u00eatre g\u00e9n\u00e9r\u00e9. Vous pouvez alors d\u00e9cider \u00e0 chaque fois d\u2019accepter ou de refuser le cookie. Un refus peut toutefois emp\u00eacher l\u2019utilisation de certaines fonctions de notre site Internet.<\/p>\n<h2>E-mail<\/h2>\n<p>La transmission des e-mails se fait g\u00e9n\u00e9ralement sans cryptage et pr\u00e9sente, entre autres, le risque que ces donn\u00e9es soient intercept\u00e9es et lues par des tiers.<\/p>\n<h2>G\u00e9n\u00e9ralit\u00e9s<\/h2>\n<p>Si vous avez des questions concernant notre d\u00e9claration de protection des donn\u00e9es, contactez-nous. Vos commentaires sont les bienvenus.<\/p>\n<p>[\/et_pb_text][\/et_pb_column][\/et_pb_row][\/et_pb_section]<\/p>\n","protected":false},"excerpt":{"rendered":"<p>Protection des donn\u00e9esFormulaires (contact, demandes, offres, enqu\u00eates, etc.) es donn\u00e9es qui nous sont transmises via des formulaires de contact sont utilis\u00e9es exclusivement dans le but pr\u00e9vu et en interne. Elles sont trait\u00e9es en toute confidentialit\u00e9 et ne sont ni transmises ni vendues \u00e0 des tiers.La participation \u00e0 des sondages ou concours a lieu uniquement sur [&hellip;]<\/p>\n","protected":false},"author":1,"featured_media":0,"parent":0,"menu_order":101,"comment_status":"closed","ping_status":"closed","template":"","meta":{"_et_pb_use_builder":"on","_et_pb_old_content":"","_et_gb_content_width":"","footnotes":""},"class_list":["post-247","page","type-page","status-publish","hentry"],"_links":{"self":[{"href":"https:\/\/www.metallbauexpertise.ch\/fr\/wp-json\/wp\/v2\/pages\/247","targetHints":{"allow":["GET"]}}],"collection":[{"href":"https:\/\/www.metallbauexpertise.ch\/fr\/wp-json\/wp\/v2\/pages"}],"about":[{"href":"https:\/\/www.metallbauexpertise.ch\/fr\/wp-json\/wp\/v2\/types\/page"}],"author":[{"embeddable":true,"href":"https:\/\/www.metallbauexpertise.ch\/fr\/wp-json\/wp\/v2\/users\/1"}],"replies":[{"embeddable":true,"href":"https:\/\/www.metallbauexpertise.ch\/fr\/wp-json\/wp\/v2\/comments?post=247"}],"version-history":[{"count":5,"href":"https:\/\/www.metallbauexpertise.ch\/fr\/wp-json\/wp\/v2\/pages\/247\/revisions"}],"predecessor-version":[{"id":341,"href":"https:\/\/www.metallbauexpertise.ch\/fr\/wp-json\/wp\/v2\/pages\/247\/revisions\/341"}],"wp:attachment":[{"href":"https:\/\/www.metallbauexpertise.ch\/fr\/wp-json\/wp\/v2\/media?parent=247"}],"curies":[{"name":"wp","href":"https:\/\/api.w.org\/{rel}","templated":true}]}}