{"id":99,"date":"2024-06-17T11:03:16","date_gmt":"2024-06-17T11:03:16","guid":{"rendered":"https:\/\/preview.metallbauexpertise.ch\/accueil\/"},"modified":"2024-08-22T12:32:12","modified_gmt":"2024-08-22T12:32:12","slug":"accueil","status":"publish","type":"page","link":"https:\/\/www.metallbauexpertise.ch\/fr\/","title":{"rendered":"Accueil"},"content":{"rendered":"<p>[et_pb_section fb_built=\u00a0\u00bb1&Prime; use_custom_gutter=\u00a0\u00bbon\u00a0\u00bb gutter_width=\u00a0\u00bb1&Prime; specialty=\u00a0\u00bbon\u00a0\u00bb _builder_version=\u00a0\u00bb4.25.2&Prime; _module_preset=\u00a0\u00bbdefault\u00a0\u00bb custom_margin=\u00a0\u00bb||||false|false\u00a0\u00bb custom_padding=\u00a0\u00bb0px||||false|false\u00a0\u00bb global_colors_info=\u00a0\u00bb{}\u00a0\u00bb][et_pb_column type=\u00a0\u00bb3_4&Prime; specialty_columns=\u00a0\u00bb3&Prime; _builder_version=\u00a0\u00bb4.16&Prime; custom_padding=\u00a0\u00bb|||\u00a0\u00bb global_colors_info=\u00a0\u00bb{}\u00a0\u00bb custom_padding__hover=\u00a0\u00bb|||\u00a0\u00bb][et_pb_row_inner column_structure=\u00a0\u00bb1_2,1_2&Prime; use_custom_gutter=\u00a0\u00bbon\u00a0\u00bb gutter_width=\u00a0\u00bb2&Prime; _builder_version=\u00a0\u00bb4.25.2&Prime; _module_preset=\u00a0\u00bbdefault\u00a0\u00bb custom_margin=\u00a0\u00bb||||false|true\u00a0\u00bb custom_padding=\u00a0\u00bb|15px||15px|false|false\u00a0\u00bb global_colors_info=\u00a0\u00bb{}\u00a0\u00bb][et_pb_column_inner type=\u00a0\u00bb1_2&Prime; saved_specialty_column_type=\u00a0\u00bb3_4&Prime; _builder_version=\u00a0\u00bb4.25.2&Prime; _module_preset=\u00a0\u00bbdefault\u00a0\u00bb global_colors_info=\u00a0\u00bb{}\u00a0\u00bb][et_pb_image src=\u00a0\u00bbhttps:\/\/www.metallbauexpertise.ch\/wp-content\/uploads\/2024\/06\/Fotolia_38847609_M.jpg\u00a0\u00bb alt=\u00a0\u00bbOuvrier avec casque jaune\u00a0\u00bb title_text=\u00a0\u00bbFotolia_38847609_M\u00a0\u00bb _builder_version=\u00a0\u00bb4.25.2&Prime; _module_preset=\u00a0\u00bbdefault\u00a0\u00bb global_colors_info=\u00a0\u00bb{}\u00a0\u00bb][\/et_pb_image][\/et_pb_column_inner][et_pb_column_inner type=\u00a0\u00bb1_2&Prime; saved_specialty_column_type=\u00a0\u00bb3_4&Prime; _builder_version=\u00a0\u00bb4.25.2&Prime; _module_preset=\u00a0\u00bbdefault\u00a0\u00bb global_colors_info=\u00a0\u00bb{}\u00a0\u00bb][et_pb_text _builder_version=\u00a0\u00bb4.25.2&Prime; _module_preset=\u00a0\u00bbdefault\u00a0\u00bb header_3_font=\u00a0\u00bb|700|||||||\u00a0\u00bb header_3_font_size=\u00a0\u00bb28px\u00a0\u00bb global_colors_info=\u00a0\u00bb{}\u00a0\u00bb]<\/p>\n<h3>Appr\u00e9ciations et expertises en construction m\u00e9tallique<\/h3>\n<p>[\/et_pb_text][et_pb_text admin_label=\u00a0\u00bbText\u00a0\u00bb _builder_version=\u00a0\u00bb4.25.2&Prime; text_text_color=\u00a0\u00bb#000000&Prime; background_size=\u00a0\u00bbinitial\u00a0\u00bb background_position=\u00a0\u00bbtop_left\u00a0\u00bb background_repeat=\u00a0\u00bbrepeat\u00a0\u00bb global_colors_info=\u00a0\u00bb{}\u00a0\u00bb]<\/p>\n<p>Vous avez eu des d\u00e9saccords avec un fournisseur, le travail pr\u00e9sentait des vices de construction ou a engendr\u00e9 des d\u00e9g\u00e2ts ? Un client a refus\u00e9 d\u2019accepter votre travail ? Les points litigieux peuvent \u00eatre nombreux dans les travaux de construction m\u00e9tallique, qu\u2019il s\u2019agisse de v\u00e9randas, de fa\u00e7ades, de toitures, de portes, de fen\u00eatres, de balustrades, d\u2019avant-toits ou encore de balcons.<\/p>\n<p>Dans ce cas, il peut \u00eatre utile de faire appel \u00e0 un expert en construction m\u00e9tallique neutre, qui rassemblera les faits et \u00e9tablira un rapport d\u2019analyse. Cela permettra de poser les bases de solutions satisfaisantes.<\/p>\n<p>Les experts ind\u00e9pendants de la chambre d\u2019experts de Metaltec Suisse mettent leurs comp\u00e9tences \u00e0 votre service. Les expertises r\u00e9alis\u00e9es vous permettront de proc\u00e9der avec la confiance requise. Nos experts sont en mesure d\u2019arbitrer les diff\u00e9rends gr\u00e2ce \u00e0 leur exp\u00e9rience et \u00e0 leur objectivit\u00e9.<\/p>\n<p>[\/et_pb_text][\/et_pb_column_inner][\/et_pb_row_inner][\/et_pb_column][et_pb_column type=\u00a0\u00bb1_4&Prime; _builder_version=\u00a0\u00bb4.16&Prime; custom_padding=\u00a0\u00bb|||\u00a0\u00bb global_colors_info=\u00a0\u00bb{}\u00a0\u00bb custom_padding__hover=\u00a0\u00bb|||\u00a0\u00bb][et_pb_text _builder_version=\u00a0\u00bb4.25.2&Prime; _module_preset=\u00a0\u00bbdefault\u00a0\u00bb text_text_color=\u00a0\u00bb#000000&Prime; header_3_font=\u00a0\u00bb|700|||||||\u00a0\u00bb header_3_font_size=\u00a0\u00bb28px\u00a0\u00bb header_4_font=\u00a0\u00bb|700|||||||\u00a0\u00bb header_4_text_color=\u00a0\u00bb#444444&Prime; header_4_font_size=\u00a0\u00bb14px\u00a0\u00bb header_5_font=\u00a0\u00bb|700|||||||\u00a0\u00bb header_5_font_size=\u00a0\u00bb18px\u00a0\u00bb header_5_line_height=\u00a0\u00bb1.2em\u00a0\u00bb background_color=\u00a0\u00bb#a9b6c6&Prime; custom_padding=\u00a0\u00bb10px|10px|10px|10px|true|true\u00a0\u00bb global_colors_info=\u00a0\u00bb{}\u00a0\u00bb]<\/p>\n<h3>T\u00e9l\u00e9phone<\/h3>\n<h4><em>+41 26 350 33 15<\/em><\/h4>\n<p><em><\/em><\/p>\n<p><strong>Contact<\/strong><br \/>Metaltec Romandie<br \/>Une association professionnelle d\u2019AM Suisse<br \/>Pool experts romands<br \/>Patricia Dousse<br \/>Rue de l&rsquo;H\u00f4pital 15, Case postale 592<br \/>1701 Fribourg<br \/><a href=\"mailto:metaltec-experten@amsuisse.ch\">expertises@metaltecromandie.ch<\/a><\/p>\n<p>&nbsp;<\/p>\n<h5>Downloads<\/h5>\n<h4><b>Demande pour une premi\u00e8re \u00e9valuation avec visite sur place<\/b><\/h4>\n<p>[\/et_pb_text][et_pb_button button_url=\u00a0\u00bbhttps:\/\/www.metallbauexperte.ch\/wp-content\/uploads\/2024\/06\/Demande_pour_une_premiere_evaluation.pdf\u00a0\u00bb button_text=\u00a0\u00bbPDF\u00a0\u00bb _builder_version=\u00a0\u00bb4.27.0&Prime; _module_preset=\u00a0\u00bbdefault\u00a0\u00bb custom_button=\u00a0\u00bbon\u00a0\u00bb button_text_size=\u00a0\u00bb23px\u00a0\u00bb button_bg_color=\u00a0\u00bb#a9b6c6&Prime; button_border_width=\u00a0\u00bb0px\u00a0\u00bb button_border_radius=\u00a0\u00bb0px\u00a0\u00bb button_icon=\u00a0\u00bb&#xe044;||divi||400&Prime; button_icon_color=\u00a0\u00bb#0080C8&Prime; button_icon_placement=\u00a0\u00bbleft\u00a0\u00bb button_on_hover=\u00a0\u00bboff\u00a0\u00bb hover_enabled=\u00a0\u00bb0&Prime; custom_css_main_element=\u00a0\u00bbwidth:100%;\u00a0\u00bb global_colors_info=\u00a0\u00bb{}\u00a0\u00bb sticky_enabled=\u00a0\u00bb0&Prime;][\/et_pb_button][\/et_pb_column][\/et_pb_section]<\/p>\n","protected":false},"excerpt":{"rendered":"<p>Appr\u00e9ciations et expertises en construction m\u00e9talliqueVous avez eu des d\u00e9saccords avec un fournisseur, le travail pr\u00e9sentait des vices de construction ou a engendr\u00e9 des d\u00e9g\u00e2ts ? Un client a refus\u00e9 d\u2019accepter votre travail ? Les points litigieux peuvent \u00eatre nombreux dans les travaux de construction m\u00e9tallique, qu\u2019il s\u2019agisse de v\u00e9randas, de fa\u00e7ades, de toitures, de [&hellip;]<\/p>\n","protected":false},"author":1,"featured_media":0,"parent":0,"menu_order":10,"comment_status":"closed","ping_status":"closed","template":"","meta":{"_et_pb_use_builder":"on","_et_pb_old_content":"","_et_gb_content_width":"","footnotes":""},"class_list":["post-99","page","type-page","status-publish","hentry"],"_links":{"self":[{"href":"https:\/\/www.metallbauexpertise.ch\/fr\/wp-json\/wp\/v2\/pages\/99","targetHints":{"allow":["GET"]}}],"collection":[{"href":"https:\/\/www.metallbauexpertise.ch\/fr\/wp-json\/wp\/v2\/pages"}],"about":[{"href":"https:\/\/www.metallbauexpertise.ch\/fr\/wp-json\/wp\/v2\/types\/page"}],"author":[{"embeddable":true,"href":"https:\/\/www.metallbauexpertise.ch\/fr\/wp-json\/wp\/v2\/users\/1"}],"replies":[{"embeddable":true,"href":"https:\/\/www.metallbauexpertise.ch\/fr\/wp-json\/wp\/v2\/comments?post=99"}],"version-history":[{"count":25,"href":"https:\/\/www.metallbauexpertise.ch\/fr\/wp-json\/wp\/v2\/pages\/99\/revisions"}],"predecessor-version":[{"id":414,"href":"https:\/\/www.metallbauexpertise.ch\/fr\/wp-json\/wp\/v2\/pages\/99\/revisions\/414"}],"wp:attachment":[{"href":"https:\/\/www.metallbauexpertise.ch\/fr\/wp-json\/wp\/v2\/media?parent=99"}],"curies":[{"name":"wp","href":"https:\/\/api.w.org\/{rel}","templated":true}]}}