{"id":252,"date":"2024-06-17T11:03:16","date_gmt":"2024-06-17T11:03:16","guid":{"rendered":"https:\/\/preview.metallbauexpertise.ch\/protezione-dei-dati\/"},"modified":"2024-06-21T08:10:46","modified_gmt":"2024-06-21T08:10:46","slug":"protezione-dei-dati","status":"publish","type":"page","link":"https:\/\/www.metallbauexpertise.ch\/it\/protezione-dei-dati\/","title":{"rendered":"Protezione dei dati"},"content":{"rendered":"<p>[et_pb_section fb_built=&#8221;1&#8243; theme_builder_area=&#8221;post_content&#8221; _builder_version=&#8221;4.25.2&#8243; _module_preset=&#8221;default&#8221; custom_padding=&#8221;0px|||||&#8221;][et_pb_row _builder_version=&#8221;4.25.2&#8243; _module_preset=&#8221;default&#8221; theme_builder_area=&#8221;post_content&#8221;][et_pb_column _builder_version=&#8221;4.25.2&#8243; _module_preset=&#8221;default&#8221; type=&#8221;4_4&#8243; theme_builder_area=&#8221;post_content&#8221;][et_pb_text _builder_version=&#8221;4.25.2&#8243; _module_preset=&#8221;default&#8221; header_3_font=&#8221;|700|||||||&#8221; header_3_font_size=&#8221;28px&#8221; hover_enabled=&#8221;0&#8243; global_colors_info=&#8221;{}&#8221; theme_builder_area=&#8221;post_content&#8221; header_font=&#8221;|700|||||||&#8221; header_2_font=&#8221;|700|||||||&#8221; sticky_enabled=&#8221;0&#8243; header_2_font_size=&#8221;20px&#8221;]<\/p>\n<h1>Protezione dei dati<\/h1>\n<p>[\/et_pb_text][et_pb_text _builder_version=&#8221;4.25.2&#8243; _module_preset=&#8221;default&#8221; header_3_font=&#8221;|700|||||||&#8221; header_3_font_size=&#8221;28px&#8221; hover_enabled=&#8221;0&#8243; global_colors_info=&#8221;{}&#8221; theme_builder_area=&#8221;post_content&#8221; header_font=&#8221;|700|||||||&#8221; header_2_font=&#8221;|700|||||||&#8221; sticky_enabled=&#8221;0&#8243; header_2_font_size=&#8221;20px&#8221;]<\/p>\n<h2>Moduli (contatti, richieste, offerte, sondaggi ecc.)<\/h2>\n<p>I dati a noi trasmessi mediante i moduli di contatto saranno utilizzati unicamente all&#8217;interno dell&#8217;azienda per gli scopi previsti. I dati saranno trattati in modo confidenziale e non saranno trasmessi o venduti a terzi.<br \/>La partecipazione a sondaggi o concorsi \u00e8 volontaria. I risultati dei sondaggi saranno utilizzati per scopi interni. \u00c8 esclusa la trasmissione a terzi non autorizzati.<\/p>\n<h2>Misure di sicurezza<\/h2>\n<p>I dati raccolti vengono salvati in server con protezione speciale e custoditi nella nostra zona di sicurezza. L&#8217;accesso a tali server \u00e8 consentito solo a pochi autorizzati, responsabili della cura dei dati dal punto di vista tecnico, commerciale o redazionale.<\/p>\n<p>Al fine di evitare perdite o un uso improprio dei dati salvati, vengono applicate opportune misure tecniche e aziendali di sicurezza, regolarmente verificate e adeguate al progresso tecnologico. Ciononostante, la struttura di Internet permette ad altre persone o societ\u00e0 estranee al nostro ambito di responsabilit\u00e0 di disattendere le regole che disciplinano la privacy. In particolare, le informazioni diffuse in modo non cifrato (es. per e-mail) possono essere lette da terzi. Per la conformazione tecnica di Internet, su questo non abbiamo alcun potere. Al fine di evitare potenziali abusi, \u00e8 esclusiva responsabilit\u00e0 dell&#8217;utente proteggere i dati da lui forniti mediante cifratura o altro metodo.<\/p>\n<p>Le e-mail, che vengono trasmesse pi\u00f9 volte da server a server, sono particolarmente soggette all&#8217;apertura, modifica, cancellazione, copia ecc. non autorizzata delle informazioni contenute. Per qualsiasi comunicazione \u00e8 possibile usare anche il telefono, il fax o la posta tradizionale.<\/p>\n<h2>Collegamenti esterni<\/h2>\n<p>L&#8217;uso dei collegamenti esterni provoca l&#8217;uscita dalla nostra offerta in rete. Decliniamo qualsiasi responsabilit\u00e0 per le disposizioni in materia di privacy dei siti Internet esterni a noi collegati. Decliniamo altres\u00ec qualsiasi responsabilit\u00e0 legale e relativa al contenuto dei siti Internet di terzi e dei relativi collegamenti.<br \/>Saremo lieti di ricevere tramite e-mail la segnalazione di collegamenti non validi.<br \/>Dichiariamo esplicitamente di non avere alcuna responsabilit\u00e0 per i contenuti e la realizzazione delle pagine collegate. Pertanto in questa sede dichiariamo espressamente la nostra estraneit\u00e0 rispetto a tutti i contenuti, che non adottiamo in alcun modo, di tutte le pagine collegate. Questo vale per tutti i collegamenti visualizzati e per tutti i contenuti delle pagine da questi richiamati, indipendentemente che si tratti di collegamenti testuali o banner.<\/p>\n<h2>Registrazione degli accessi<\/h2>\n<p>La navigazione sul nostro sito Internet comporta la trasmissione automatica, dal computer dell&#8217;utente al nostro server, dei seguenti dati:<\/p>\n<ul>\n<li>data e ora della visita<\/li>\n<li>pagine e documenti richiesti<\/li>\n<li>indirizzo IP del PC dell&#8217;utente<\/li>\n<li>informazioni sul browser e sistema operativo dell&#8217;utente<\/li>\n<li>pagina precedente visitata<\/li>\n<\/ul>\n<p>Questi dati, salvati in file di log, verranno impiegati per effettuare analisi statistiche dell&#8217;uso del sito e migliorare la nostra offerta in rete. Per la natura impersonale dei dati di utilizzo, non \u00e8 possibile analizzare queste informazioni in modo personalizzato.<br \/>Garantire l&#8217;impossibilit\u00e0 di risalire ai dati personali dai dati di utilizzo \u00e8 una delle nostre priorit\u00e0, di conseguenza non sar\u00e0 effettuata alcuna valutazione dell&#8217;utente. Non viene effettuata alcuna analisi personalizzata.<\/p>\n<h2>Google Analytics<\/h2>\n<p>Questo sito web impiega Google Analytics, un servizio di analisi web di Google Inc. (\u00abGoogle\u00bb). Google Analytics utilizza i cosiddetti \u00abcookie\u00bb, file di testo salvati sul computer del visitatore del sito web, per consentire l&#8217;analisi dell&#8217;uso del sito. Le informazioni generate tramite i cookie riguardanti l&#8217;uso del sito web da parte del visitatore (compreso il suo indirizzo IP) sono trasmesse a un server di Google negli USA, dove vengono salvate. Google utilizzer\u00e0 queste informazioni per analizzare l&#8217;uso del sito web da parte del visitatore, generare resoconti sulle attivit\u00e0 del sito web per i gestori del sito e per fornire ulteriori servizi relativi all&#8217;uso del sito web e di Internet. Inoltre, Google ha facolt\u00e0 di trasmettere tali informazioni a terzi, ove ci\u00f2 sia prescritto dalla legge o nel caso in cui l&#8217;elaborazione di tali dati sia effettuata da terzi per mandato di Google. Google non metter\u00e0 mai in collegamento l&#8217;indirizzo IP dell&#8217;utente con altri dati di Google. \u00c8 possibile impedire l&#8217;installazione dei cookie impostando il browser a tale scopo, tuttavia precisiamo che in questo caso non sar\u00e0 possibile utilizzare pienamente tutte le funzioni del sito web. Mediante l&#8217;uso di questo sito web, l&#8217;utente accetta il trattamento dei propri dati da parte di Google, nel modo e allo scopo precedentemente descritti.<\/p>\n<h2>Cookie<\/h2>\n<p>Per identificare in modo univoco un utente, vengono generati i cosiddetti &#8220;cookie&#8221; e gli &#8220;ID di sessione&#8221;. Questi elementi hanno una natura tecnica e impersonale. \u00c8 possibile impostare il browser in modo che, ogni volta che viene generato un cookie, l&#8217;utente possa esserne informato. In questo modo si potr\u00e0 decidere liberamente se accettare o meno un cookie. Tuttavia, il rifiuto di un cookie potrebbe impedire l&#8217;uso di alcune funzioni sul nostro sito.<\/p>\n<h2>E-mail<\/h2>\n<p>L&#8217;invio di e-mail avviene generalmente in modo non cifrato e questo implica il rischio teorico di intercettazione e lettura da parte di terzi delle informazioni contenute.<\/p>\n<h2>Informazioni generali<\/h2>\n<p>Per qualsiasi domanda o commento sulla nostra dichiarazione relativa alla protezione dei dati non esitate a contattarci. Saremo lieti di ricevere tutti i vostri suggerimenti.<\/p>\n<p>[\/et_pb_text][\/et_pb_column][\/et_pb_row][\/et_pb_section]<\/p>\n","protected":false},"excerpt":{"rendered":"<p>Protezione dei datiModuli (contatti, richieste, offerte, sondaggi ecc.) I dati a noi trasmessi mediante i moduli di contatto saranno utilizzati unicamente all&#8217;interno dell&#8217;azienda per gli scopi previsti. I dati saranno trattati in modo confidenziale e non saranno trasmessi o venduti a terzi.La partecipazione a sondaggi o concorsi \u00e8 volontaria. I risultati dei sondaggi saranno utilizzati [&hellip;]<\/p>\n","protected":false},"author":1,"featured_media":0,"parent":0,"menu_order":101,"comment_status":"closed","ping_status":"closed","template":"","meta":{"_et_pb_use_builder":"on","_et_pb_old_content":"","_et_gb_content_width":"","footnotes":""},"class_list":["post-252","page","type-page","status-publish","hentry"],"_links":{"self":[{"href":"https:\/\/www.metallbauexpertise.ch\/it\/wp-json\/wp\/v2\/pages\/252","targetHints":{"allow":["GET"]}}],"collection":[{"href":"https:\/\/www.metallbauexpertise.ch\/it\/wp-json\/wp\/v2\/pages"}],"about":[{"href":"https:\/\/www.metallbauexpertise.ch\/it\/wp-json\/wp\/v2\/types\/page"}],"author":[{"embeddable":true,"href":"https:\/\/www.metallbauexpertise.ch\/it\/wp-json\/wp\/v2\/users\/1"}],"replies":[{"embeddable":true,"href":"https:\/\/www.metallbauexpertise.ch\/it\/wp-json\/wp\/v2\/comments?post=252"}],"version-history":[{"count":4,"href":"https:\/\/www.metallbauexpertise.ch\/it\/wp-json\/wp\/v2\/pages\/252\/revisions"}],"predecessor-version":[{"id":342,"href":"https:\/\/www.metallbauexpertise.ch\/it\/wp-json\/wp\/v2\/pages\/252\/revisions\/342"}],"wp:attachment":[{"href":"https:\/\/www.metallbauexpertise.ch\/it\/wp-json\/wp\/v2\/media?parent=252"}],"curies":[{"name":"wp","href":"https:\/\/api.w.org\/{rel}","templated":true}]}}